{"id":790,"date":"2025-02-06T13:50:33","date_gmt":"2025-02-06T11:50:33","guid":{"rendered":"https:\/\/www.suomenpihakatos.fi\/?page_id=790"},"modified":"2025-02-20T09:06:20","modified_gmt":"2025-02-20T07:06:20","slug":"pihasaunat-ja-vierasmokit","status":"publish","type":"page","link":"https:\/\/www.suomenpihakatos.fi\/index.php\/pihasaunat-ja-vierasmokit\/","title":{"rendered":"Pihasaunat"},"content":{"rendered":"<section class=\"bde-section-790-107 bde-section\">\n  \n  \n\t\n\n\n\n<div class=\"section-container\"><h1 class=\"bde-dual-heading-790-108 bde-dual-heading\">\n\n\n            <span data-style=\"primary\" class=\"dual-heading--primary  \">Pihasaunat<\/span>\n\n\n\n<\/h1><\/div>\n<\/section><section class=\"bde-section-790-109 bde-section\">\n              \n  \n  \n\t\n\n\n\n<div class=\"section-container\"><img decoding=\"async\" class=\"bde-image2-790-110 bde-image2\" src=\"https:\/\/www.suomenpihakatos.fi\/wp-content\/uploads\/2025\/02\/sauna-luonnos.jpg\" loading=\"lazy\" srcset=\"https:\/\/www.suomenpihakatos.fi\/wp-content\/uploads\/2025\/02\/sauna-luonnos.jpg 947w, https:\/\/www.suomenpihakatos.fi\/wp-content\/uploads\/2025\/02\/sauna-luonnos-300x290.jpg 300w, https:\/\/www.suomenpihakatos.fi\/wp-content\/uploads\/2025\/02\/sauna-luonnos-768x741.jpg 768w\" sizes=\"(max-width: 947px) 100vw, 947px\"><div class=\"bde-text-790-111 bde-text\">\nKev\u00e4\u00e4n aikana tulossa mallisto pihasaunoista. Voit pyyt\u00e4\u00e4 lis\u00e4tietoja ja tehd\u00e4 tarjouspyynn\u00f6n n\u00e4ist\u00e4 jo ennen malliston julkaisua yhteydenottolomakkeen kautta.\n<\/div><div class=\"bde-button-790-112 bde-button\">\n    \n                                    \n    \n    \n    \n    \n            \n                    \n            \n            \n\n    \n    \n    \n    \n    \n    <a class=\"breakdance-link button-atom button-atom--primary bde-button__button\" href=\"https:\/\/www.suomenpihakatos.fi\/index.php\/yhteystiedot\/\" target=\"_self\" data-type=\"url\"  >\n\n    \n        <span class=\"button-atom__text\">Yhteydenottolomakkeeseen<\/span>\n\n        \n        \n                <\/a>\n\n    \n\n\n<\/div><\/div>\n<\/section>","protected":false},"excerpt":{"rendered":"<p>Pihasaunat Kev\u00e4\u00e4n aikana tulossa mallisto pihasaunoista. Voit pyyt\u00e4\u00e4 lis\u00e4tietoja ja tehd\u00e4 tarjouspyynn\u00f6n n\u00e4ist\u00e4 jo ennen malliston julkaisua yhteydenottolomakkeen kautta. Yhteydenottolomakkeeseen<\/p>\n","protected":false},"author":1,"featured_media":0,"parent":0,"menu_order":0,"comment_status":"closed","ping_status":"closed","template":"","meta":{"_breakdance_hide_in_design_set":false,"_breakdance_tags":"","footnotes":""},"class_list":["post-790","page","type-page","status-publish","hentry"],"_links":{"self":[{"href":"https:\/\/www.suomenpihakatos.fi\/index.php\/wp-json\/wp\/v2\/pages\/790","targetHints":{"allow":["GET"]}}],"collection":[{"href":"https:\/\/www.suomenpihakatos.fi\/index.php\/wp-json\/wp\/v2\/pages"}],"about":[{"href":"https:\/\/www.suomenpihakatos.fi\/index.php\/wp-json\/wp\/v2\/types\/page"}],"author":[{"embeddable":true,"href":"https:\/\/www.suomenpihakatos.fi\/index.php\/wp-json\/wp\/v2\/users\/1"}],"replies":[{"embeddable":true,"href":"https:\/\/www.suomenpihakatos.fi\/index.php\/wp-json\/wp\/v2\/comments?post=790"}],"version-history":[{"count":7,"href":"https:\/\/www.suomenpihakatos.fi\/index.php\/wp-json\/wp\/v2\/pages\/790\/revisions"}],"predecessor-version":[{"id":919,"href":"https:\/\/www.suomenpihakatos.fi\/index.php\/wp-json\/wp\/v2\/pages\/790\/revisions\/919"}],"wp:attachment":[{"href":"https:\/\/www.suomenpihakatos.fi\/index.php\/wp-json\/wp\/v2\/media?parent=790"}],"curies":[{"name":"wp","href":"https:\/\/api.w.org\/{rel}","templated":true}]}}