{"id":528,"date":"2025-01-28T09:39:09","date_gmt":"2025-01-28T07:39:09","guid":{"rendered":"https:\/\/www.suomenpihakatos.fi\/?page_id=528"},"modified":"2025-02-09T19:05:09","modified_gmt":"2025-02-09T17:05:09","slug":"taloyhtioautokatos-3","status":"publish","type":"page","link":"https:\/\/www.suomenpihakatos.fi\/index.php\/taloyhtioautokatos-3\/","title":{"rendered":"Taloyhti\u00f6autokatos 3"},"content":{"rendered":"<section class=\"bde-section-528-100 bde-section\">\n  \n  \n\t\n\n\n\n<div class=\"section-container\"><h1 class=\"bde-dual-heading-528-101 bde-dual-heading\">\n\n\n            <span data-style=\"primary\" class=\"dual-heading--primary  \">Taloyhti\u00f6n<\/span>\n\n            <span data-style=\"secondary\" class=\"dual-heading--secondary  \">autokatos 3<\/span>\n\n\n\n<\/h1><\/div>\n<\/section><section class=\"bde-section-528-102 bde-section\">\n              \n  \n  \n\t\n\n\n\n<div class=\"section-container\"><img decoding=\"async\" class=\"bde-image2-528-103 bde-image2\" src=\"https:\/\/www.suomenpihakatos.fi\/wp-content\/uploads\/2025\/01\/at-25-Jennifer-7004-x-23208-1625m2.jpg\" alt=\"Autotalli- ja autokatosyhdistelm\u00e4 varastolla ja pulpettikatolla. Tallipaikka kolmelle autolle ja katospaikka kolmelle autolle.\" loading=\"lazy\" srcset=\"https:\/\/www.suomenpihakatos.fi\/wp-content\/uploads\/2025\/01\/at-25-Jennifer-7004-x-23208-1625m2.jpg 1024w, https:\/\/www.suomenpihakatos.fi\/wp-content\/uploads\/2025\/01\/at-25-Jennifer-7004-x-23208-1625m2-300x169.jpg 300w, https:\/\/www.suomenpihakatos.fi\/wp-content\/uploads\/2025\/01\/at-25-Jennifer-7004-x-23208-1625m2-768x432.jpg 768w\" sizes=\"(max-width: 1024px) 100vw, 1024px\"><div class=\"bde-text-528-104 bde-text\">\nAutotalli- ja autokatosyhdistelm\u00e4 varastolla ja pulpettikatolla. Tallipaikka kolmelle autolle ja katospaikka kolmelle autolle.<br><br>Kuva on havainnekuva ja malli on muokattavissa taloyhti\u00f6n tarpeiden mukaan. Toimitamme taloyhti\u00f6lle p\u00e4\u00e4asiassa avaimet k\u00e4teen -toimituksella, mutta jos esimerkiksi maalaus halutaan hoitaa taloyhti\u00f6ss\u00e4 talkoilla, on toimitussis\u00e4ll\u00f6st\u00e4 mahdollista sopia erikseen. Laita meille viesti\u00e4 yhteydenottolomakkeella ja kerro taloyhti\u00f6nne toiveista, niin voimme suunnitella teid\u00e4n tarpeisiinne sopivan ratkaisun.\n<\/div><div class=\"bde-button-528-105 bde-button\">\n    \n                                    \n    \n    \n    \n    \n            \n                    \n            \n            \n\n    \n    \n    \n    \n    \n    <a class=\"breakdance-link button-atom button-atom--primary bde-button__button\" href=\"https:\/\/www.suomenpihakatos.fi\/index.php\/yhteystiedot\/\" target=\"_self\" data-type=\"url\"  >\n\n    \n        <span class=\"button-atom__text\">Yhteydenottolomakkeeseen<\/span>\n\n        \n        \n                <\/a>\n\n    \n\n\n<\/div><\/div>\n<\/section>","protected":false},"excerpt":{"rendered":"<p>Taloyhti\u00f6n autokatos 3 Autotalli- ja autokatosyhdistelm\u00e4 varastolla ja pulpettikatolla. Tallipaikka kolmelle autolle ja katospaikka kolmelle autolle.Kuva on havainnekuva ja malli on muokattavissa taloyhti\u00f6n tarpeiden mukaan. Toimitamme taloyhti\u00f6lle p\u00e4\u00e4asiassa avaimet k\u00e4teen -toimituksella, mutta jos esimerkiksi maalaus halutaan hoitaa taloyhti\u00f6ss\u00e4 talkoilla, on toimitussis\u00e4ll\u00f6st\u00e4 mahdollista sopia erikseen. Laita meille viesti\u00e4 yhteydenottolomakkeella ja kerro taloyhti\u00f6nne toiveista, niin voimme suunnitella [&hellip;]<\/p>\n","protected":false},"author":1,"featured_media":0,"parent":0,"menu_order":0,"comment_status":"closed","ping_status":"closed","template":"","meta":{"_breakdance_hide_in_design_set":false,"_breakdance_tags":"","footnotes":""},"class_list":["post-528","page","type-page","status-publish","hentry"],"_links":{"self":[{"href":"https:\/\/www.suomenpihakatos.fi\/index.php\/wp-json\/wp\/v2\/pages\/528","targetHints":{"allow":["GET"]}}],"collection":[{"href":"https:\/\/www.suomenpihakatos.fi\/index.php\/wp-json\/wp\/v2\/pages"}],"about":[{"href":"https:\/\/www.suomenpihakatos.fi\/index.php\/wp-json\/wp\/v2\/types\/page"}],"author":[{"embeddable":true,"href":"https:\/\/www.suomenpihakatos.fi\/index.php\/wp-json\/wp\/v2\/users\/1"}],"replies":[{"embeddable":true,"href":"https:\/\/www.suomenpihakatos.fi\/index.php\/wp-json\/wp\/v2\/comments?post=528"}],"version-history":[{"count":4,"href":"https:\/\/www.suomenpihakatos.fi\/index.php\/wp-json\/wp\/v2\/pages\/528\/revisions"}],"predecessor-version":[{"id":901,"href":"https:\/\/www.suomenpihakatos.fi\/index.php\/wp-json\/wp\/v2\/pages\/528\/revisions\/901"}],"wp:attachment":[{"href":"https:\/\/www.suomenpihakatos.fi\/index.php\/wp-json\/wp\/v2\/media?parent=528"}],"curies":[{"name":"wp","href":"https:\/\/api.w.org\/{rel}","templated":true}]}}