{"id":383,"date":"2025-01-27T15:01:22","date_gmt":"2025-01-27T13:01:22","guid":{"rendered":"https:\/\/www.suomenpihakatos.fi\/?page_id=383"},"modified":"2026-03-20T15:59:43","modified_gmt":"2026-03-20T13:59:43","slug":"autotalli-18","status":"publish","type":"page","link":"https:\/\/www.suomenpihakatos.fi\/index.php\/autotalli-18\/","title":{"rendered":"Malli 18"},"content":{"rendered":"<section class=\"bde-section-383-100 bde-section\">\n  \n  \n\t\n\n\n\n<div class=\"section-container\"><h1 class=\"bde-dual-heading-383-101 bde-dual-heading\">\n\n\n            <span data-style=\"primary\" class=\"dual-heading--primary  \">Malli 18<\/span>\n\n            <span data-style=\"secondary\" class=\"dual-heading--secondary  \">Daniela<\/span>\n\n\n\n<\/h1><\/div>\n<\/section><section class=\"bde-section-383-102 bde-section\">\n              \n  \n  \n\t\n\n\n\n<div class=\"section-container\"><img decoding=\"async\" class=\"bde-image2-383-103 bde-image2\" src=\"https:\/\/www.suomenpihakatos.fi\/wp-content\/uploads\/2025\/01\/18-Autokatos-Daniela.webp\" alt=\"Yksinkertainen autokatos kahdelle autolle pulpettikatolla.\" loading=\"lazy\" srcset=\"https:\/\/www.suomenpihakatos.fi\/wp-content\/uploads\/2025\/01\/18-Autokatos-Daniela.webp 1920w, https:\/\/www.suomenpihakatos.fi\/wp-content\/uploads\/2025\/01\/18-Autokatos-Daniela-300x169.webp 300w, https:\/\/www.suomenpihakatos.fi\/wp-content\/uploads\/2025\/01\/18-Autokatos-Daniela-1024x576.webp 1024w, https:\/\/www.suomenpihakatos.fi\/wp-content\/uploads\/2025\/01\/18-Autokatos-Daniela-768x432.webp 768w, https:\/\/www.suomenpihakatos.fi\/wp-content\/uploads\/2025\/01\/18-Autokatos-Daniela-1536x864.webp 1536w\" sizes=\"(max-width: 1920px) 100vw, 1920px\"><div class=\"bde-text-383-104 bde-text\">\nPulpettikattoinen autokatos kahdelle autolle rimoituksella.<br><br>Kokonaispinta-ala: 47m\u00b2<br>Ulkomitat: 7004x6708mm<br>Katoksen korkeus: 2328mm<br><br>Autotalli toimitetaan runkotoimituksena tai levypintoihin asti valmiina.  Mahdollisuus saada joko pohjamaalattuna tai v\u00e4limaalattuna. <br><br>Kuva on havainnekuva. Kaikkiin malleihin mahdollista tehd\u00e4 muutoksia.<br><br>Kysy lis\u00e4tietoja tai j\u00e4t\u00e4 tarjouspyynt\u00f6 yhteydenottolomakkeen kautta.\n<\/div><div class=\"bde-button-383-105 bde-button\">\n    \n                                    \n    \n    \n    \n    \n            \n                    \n            \n            \n\n    \n    \n    \n    \n    \n    <a class=\"breakdance-link button-atom button-atom--primary bde-button__button\" href=\"https:\/\/www.suomenpihakatos.fi\/index.php\/yhteystiedot\/\" target=\"_self\" data-type=\"url\"  >\n\n    \n        <span class=\"button-atom__text\">Yhteydenottolomakkeeseen<\/span>\n\n        \n        \n                <\/a>\n\n    \n\n\n<\/div><\/div>\n<\/section>","protected":false},"excerpt":{"rendered":"<p>Malli 18 Daniela Pulpettikattoinen autokatos kahdelle autolle rimoituksella.Kokonaispinta-ala: 47m\u00b2Ulkomitat: 7004x6708mmKatoksen korkeus: 2328mmAutotalli toimitetaan runkotoimituksena tai levypintoihin asti valmiina. Mahdollisuus saada joko pohjamaalattuna tai v\u00e4limaalattuna. Kuva on havainnekuva. Kaikkiin malleihin mahdollista tehd\u00e4 muutoksia.Kysy lis\u00e4tietoja tai j\u00e4t\u00e4 tarjouspyynt\u00f6 yhteydenottolomakkeen kautta. Yhteydenottolomakkeeseen<\/p>\n","protected":false},"author":1,"featured_media":0,"parent":0,"menu_order":0,"comment_status":"closed","ping_status":"closed","template":"","meta":{"_breakdance_hide_in_design_set":false,"_breakdance_tags":"","footnotes":""},"class_list":["post-383","page","type-page","status-publish","hentry"],"_links":{"self":[{"href":"https:\/\/www.suomenpihakatos.fi\/index.php\/wp-json\/wp\/v2\/pages\/383","targetHints":{"allow":["GET"]}}],"collection":[{"href":"https:\/\/www.suomenpihakatos.fi\/index.php\/wp-json\/wp\/v2\/pages"}],"about":[{"href":"https:\/\/www.suomenpihakatos.fi\/index.php\/wp-json\/wp\/v2\/types\/page"}],"author":[{"embeddable":true,"href":"https:\/\/www.suomenpihakatos.fi\/index.php\/wp-json\/wp\/v2\/users\/1"}],"replies":[{"embeddable":true,"href":"https:\/\/www.suomenpihakatos.fi\/index.php\/wp-json\/wp\/v2\/comments?post=383"}],"version-history":[{"count":10,"href":"https:\/\/www.suomenpihakatos.fi\/index.php\/wp-json\/wp\/v2\/pages\/383\/revisions"}],"predecessor-version":[{"id":986,"href":"https:\/\/www.suomenpihakatos.fi\/index.php\/wp-json\/wp\/v2\/pages\/383\/revisions\/986"}],"wp:attachment":[{"href":"https:\/\/www.suomenpihakatos.fi\/index.php\/wp-json\/wp\/v2\/media?parent=383"}],"curies":[{"name":"wp","href":"https:\/\/api.w.org\/{rel}","templated":true}]}}