{"id":363,"date":"2025-01-27T14:59:29","date_gmt":"2025-01-27T12:59:29","guid":{"rendered":"https:\/\/www.suomenpihakatos.fi\/?page_id=363"},"modified":"2026-03-20T17:51:05","modified_gmt":"2026-03-20T15:51:05","slug":"autotalli-7","status":"publish","type":"page","link":"https:\/\/www.suomenpihakatos.fi\/index.php\/autotalli-7\/","title":{"rendered":"Malli 7"},"content":{"rendered":"<section class=\"bde-section-363-100 bde-section\">\n  \n  \n\t\n\n\n\n<div class=\"section-container\"><h1 class=\"bde-dual-heading-363-101 bde-dual-heading\">\n\n\n            <span data-style=\"primary\" class=\"dual-heading--primary  \">Malli 7<\/span>\n\n            <span data-style=\"secondary\" class=\"dual-heading--secondary  \">Mirella<\/span>\n\n\n\n<\/h1><\/div>\n<\/section><section class=\"bde-section-363-102 bde-section\">\n              \n  \n  \n\t\n\n\n\n<div class=\"section-container\"><img decoding=\"async\" class=\"bde-image2-363-103 bde-image2\" src=\"https:\/\/www.suomenpihakatos.fi\/wp-content\/uploads\/2025\/01\/7-Autokatos-Mirella-1.webp\" alt=\"Tilava kahden auton autokatos ikkunallisella varastotilalla ja perinteisell\u00e4 harjakatolla.\u00a0\" loading=\"lazy\" srcset=\"https:\/\/www.suomenpihakatos.fi\/wp-content\/uploads\/2025\/01\/7-Autokatos-Mirella-1.webp 1920w, https:\/\/www.suomenpihakatos.fi\/wp-content\/uploads\/2025\/01\/7-Autokatos-Mirella-1-300x169.webp 300w, https:\/\/www.suomenpihakatos.fi\/wp-content\/uploads\/2025\/01\/7-Autokatos-Mirella-1-1024x576.webp 1024w, https:\/\/www.suomenpihakatos.fi\/wp-content\/uploads\/2025\/01\/7-Autokatos-Mirella-1-768x432.webp 768w, https:\/\/www.suomenpihakatos.fi\/wp-content\/uploads\/2025\/01\/7-Autokatos-Mirella-1-1536x864.webp 1536w\" sizes=\"(max-width: 1920px) 100vw, 1920px\"><div class=\"bde-text-363-104 bde-text\">\nTilava kahden auton autokatos ikkunallisella varastotilalla ja perinteisell\u00e4 harjakatolla. <br><br>Kokonaispinta-ala: 63,8m\u00b2<br>Ulkomitat: 7004x9108mm<br>Varaston sis\u00e4mitat: 6532x2036mm,  LA 13,3m2<br>Katoksen sis\u00e4mitat: 6688x6600mm, LA 44,14m2<br>Sis\u00e4tilan korkeus: 2450mm<br>katoksen korkeus: 2328mm<br><br>Autotalli toimitetaan runkotoimituksena tai levypintoihin asti valmiina.  Mahdollisuus saada joko pohjamaalattuna tai v\u00e4limaalattuna. <br><br>Kuva on havainnekuva. Kaikkiin malleihin mahdollista tehd\u00e4 muutoksia.<br><br>Kysy lis\u00e4tietoja tai j\u00e4t\u00e4 tarjouspyynt\u00f6 yhteydenottolomakkeen kautta.\n<\/div><div class=\"bde-button-363-105 bde-button\">\n    \n                                    \n    \n    \n    \n    \n            \n                    \n            \n            \n\n    \n    \n    \n    \n    \n    <a class=\"breakdance-link button-atom button-atom--primary bde-button__button\" href=\"https:\/\/www.suomenpihakatos.fi\/index.php\/yhteystiedot\/\" target=\"_self\" data-type=\"url\"  >\n\n    \n        <span class=\"button-atom__text\">Yhteydenottolomakkeeseen<\/span>\n\n        \n        \n                <\/a>\n\n    \n\n\n<\/div><\/div>\n<\/section>","protected":false},"excerpt":{"rendered":"<p>Malli 7 Mirella Tilava kahden auton autokatos ikkunallisella varastotilalla ja perinteisell\u00e4 harjakatolla. Kokonaispinta-ala: 63,8m\u00b2Ulkomitat: 7004x9108mmVaraston sis\u00e4mitat: 6532x2036mm, LA 13,3m2Katoksen sis\u00e4mitat: 6688x6600mm, LA 44,14m2Sis\u00e4tilan korkeus: 2450mmkatoksen korkeus: 2328mmAutotalli toimitetaan runkotoimituksena tai levypintoihin asti valmiina. Mahdollisuus saada joko pohjamaalattuna tai v\u00e4limaalattuna. Kuva on havainnekuva. Kaikkiin malleihin mahdollista tehd\u00e4 muutoksia.Kysy lis\u00e4tietoja tai j\u00e4t\u00e4 tarjouspyynt\u00f6 yhteydenottolomakkeen kautta. Yhteydenottolomakkeeseen<\/p>\n","protected":false},"author":1,"featured_media":0,"parent":0,"menu_order":0,"comment_status":"closed","ping_status":"closed","template":"","meta":{"_breakdance_hide_in_design_set":false,"_breakdance_tags":"","footnotes":""},"class_list":["post-363","page","type-page","status-publish","hentry"],"_links":{"self":[{"href":"https:\/\/www.suomenpihakatos.fi\/index.php\/wp-json\/wp\/v2\/pages\/363","targetHints":{"allow":["GET"]}}],"collection":[{"href":"https:\/\/www.suomenpihakatos.fi\/index.php\/wp-json\/wp\/v2\/pages"}],"about":[{"href":"https:\/\/www.suomenpihakatos.fi\/index.php\/wp-json\/wp\/v2\/types\/page"}],"author":[{"embeddable":true,"href":"https:\/\/www.suomenpihakatos.fi\/index.php\/wp-json\/wp\/v2\/users\/1"}],"replies":[{"embeddable":true,"href":"https:\/\/www.suomenpihakatos.fi\/index.php\/wp-json\/wp\/v2\/comments?post=363"}],"version-history":[{"count":10,"href":"https:\/\/www.suomenpihakatos.fi\/index.php\/wp-json\/wp\/v2\/pages\/363\/revisions"}],"predecessor-version":[{"id":1018,"href":"https:\/\/www.suomenpihakatos.fi\/index.php\/wp-json\/wp\/v2\/pages\/363\/revisions\/1018"}],"wp:attachment":[{"href":"https:\/\/www.suomenpihakatos.fi\/index.php\/wp-json\/wp\/v2\/media?parent=363"}],"curies":[{"name":"wp","href":"https:\/\/api.w.org\/{rel}","templated":true}]}}