{"id":359,"date":"2025-01-27T14:59:08","date_gmt":"2025-01-27T12:59:08","guid":{"rendered":"https:\/\/www.suomenpihakatos.fi\/?page_id=359"},"modified":"2026-03-20T16:05:52","modified_gmt":"2026-03-20T14:05:52","slug":"autotalli-5","status":"publish","type":"page","link":"https:\/\/www.suomenpihakatos.fi\/index.php\/autotalli-5\/","title":{"rendered":"Malli 5"},"content":{"rendered":"<section class=\"bde-section-359-100 bde-section\">\n  \n  \n\t\n\n\n\n<div class=\"section-container\"><h1 class=\"bde-dual-heading-359-101 bde-dual-heading\">\n\n\n            <span data-style=\"primary\" class=\"dual-heading--primary  \">Malli 5<\/span>\n\n            <span data-style=\"secondary\" class=\"dual-heading--secondary  \">Matilda<\/span>\n\n\n\n<\/h1><\/div>\n<\/section><section class=\"bde-section-359-102 bde-section\">\n              \n  \n  \n\t\n\n\n\n<div class=\"section-container\"><img decoding=\"async\" class=\"bde-image2-359-103 bde-image2\" src=\"https:\/\/www.suomenpihakatos.fi\/wp-content\/uploads\/2025\/01\/5-Autotalli-Matilda-2.webp\" alt=\"Autotalli ja -katosyhdistelm\u00e4 yhden auton tallilla, yhden auton katoksella, ikkunallisella varastotilalla ja perinteisell\u00e4 harjakatolla. Autotalliin ja varastoon omat ulko-ovet.\" loading=\"lazy\" srcset=\"https:\/\/www.suomenpihakatos.fi\/wp-content\/uploads\/2025\/01\/5-Autotalli-Matilda-2.webp 1920w, https:\/\/www.suomenpihakatos.fi\/wp-content\/uploads\/2025\/01\/5-Autotalli-Matilda-2-300x169.webp 300w, https:\/\/www.suomenpihakatos.fi\/wp-content\/uploads\/2025\/01\/5-Autotalli-Matilda-2-1024x576.webp 1024w, https:\/\/www.suomenpihakatos.fi\/wp-content\/uploads\/2025\/01\/5-Autotalli-Matilda-2-768x432.webp 768w, https:\/\/www.suomenpihakatos.fi\/wp-content\/uploads\/2025\/01\/5-Autotalli-Matilda-2-1536x864.webp 1536w\" sizes=\"(max-width: 1920px) 100vw, 1920px\"><div class=\"bde-text-359-104 bde-text\">\nAutotalli ja -katosyhdistelm\u00e4 yhden auton tallilla, yhden auton katoksella, ikkunallisella varastotilalla ja perinteisell\u00e4 harjakatolla. Autotalliin ja varastoon omat ulko-ovet.<br><br>Kokonaispinta-ala: 63,80m\u00b2<br>Ulkomitat: 7004x9108mm<br>Autotallin sis\u00e4mitat: 2936x6532mm, LA 19m\u00b2<br>Katoksen sis\u00e4mitat: 3192x6852mm, LA 21,9m\u00b2<br>Varaston sis\u00e4mitat: 6532x2036mm,  LA 13,3m\u00b2<br>Sis\u00e4tilan korkeus: 2450mm<br>Katoksen korkeus: 2328mm<br><br>Autotalli toimitetaan runkotoimituksena tai levypintoihin asti valmiina.  Mahdollisuus saada joko pohjamaalattuna tai v\u00e4limaalattuna. <br><br>Kuva on havainnekuva. Kaikkiin malleihin mahdollista tehd\u00e4 muutoksia.<br><br>Kysy lis\u00e4tietoja tai j\u00e4t\u00e4 tarjouspyynt\u00f6 yhteydenottolomakkeen kautta.\n<\/div><div class=\"bde-button-359-105 bde-button\">\n    \n                                    \n    \n    \n    \n    \n            \n                    \n            \n            \n\n    \n    \n    \n    \n    \n    <a class=\"breakdance-link button-atom button-atom--primary bde-button__button\" href=\"https:\/\/www.suomenpihakatos.fi\/index.php\/yhteystiedot\/\" target=\"_self\" data-type=\"url\"  >\n\n    \n        <span class=\"button-atom__text\">Yhteydenottolomakkeeseen<\/span>\n\n        \n        \n                <\/a>\n\n    \n\n\n<\/div><\/div>\n<\/section>","protected":false},"excerpt":{"rendered":"<p>Malli 5 Matilda Autotalli ja -katosyhdistelm\u00e4 yhden auton tallilla, yhden auton katoksella, ikkunallisella varastotilalla ja perinteisell\u00e4 harjakatolla. Autotalliin ja varastoon omat ulko-ovet.Kokonaispinta-ala: 63,80m\u00b2Ulkomitat: 7004x9108mmAutotallin sis\u00e4mitat: 2936x6532mm, LA 19m\u00b2Katoksen sis\u00e4mitat: 3192x6852mm, LA 21,9m\u00b2Varaston sis\u00e4mitat: 6532x2036mm, LA 13,3m\u00b2Sis\u00e4tilan korkeus: 2450mmKatoksen korkeus: 2328mmAutotalli toimitetaan runkotoimituksena tai levypintoihin asti valmiina. Mahdollisuus saada joko pohjamaalattuna tai v\u00e4limaalattuna. Kuva on havainnekuva. [&hellip;]<\/p>\n","protected":false},"author":1,"featured_media":0,"parent":0,"menu_order":0,"comment_status":"closed","ping_status":"closed","template":"","meta":{"_breakdance_hide_in_design_set":false,"_breakdance_tags":"","footnotes":""},"class_list":["post-359","page","type-page","status-publish","hentry"],"_links":{"self":[{"href":"https:\/\/www.suomenpihakatos.fi\/index.php\/wp-json\/wp\/v2\/pages\/359","targetHints":{"allow":["GET"]}}],"collection":[{"href":"https:\/\/www.suomenpihakatos.fi\/index.php\/wp-json\/wp\/v2\/pages"}],"about":[{"href":"https:\/\/www.suomenpihakatos.fi\/index.php\/wp-json\/wp\/v2\/types\/page"}],"author":[{"embeddable":true,"href":"https:\/\/www.suomenpihakatos.fi\/index.php\/wp-json\/wp\/v2\/users\/1"}],"replies":[{"embeddable":true,"href":"https:\/\/www.suomenpihakatos.fi\/index.php\/wp-json\/wp\/v2\/comments?post=359"}],"version-history":[{"count":9,"href":"https:\/\/www.suomenpihakatos.fi\/index.php\/wp-json\/wp\/v2\/pages\/359\/revisions"}],"predecessor-version":[{"id":999,"href":"https:\/\/www.suomenpihakatos.fi\/index.php\/wp-json\/wp\/v2\/pages\/359\/revisions\/999"}],"wp:attachment":[{"href":"https:\/\/www.suomenpihakatos.fi\/index.php\/wp-json\/wp\/v2\/media?parent=359"}],"curies":[{"name":"wp","href":"https:\/\/api.w.org\/{rel}","templated":true}]}}