{"id":353,"date":"2025-01-27T14:58:26","date_gmt":"2025-01-27T12:58:26","guid":{"rendered":"https:\/\/www.suomenpihakatos.fi\/?page_id=353"},"modified":"2026-03-20T16:07:26","modified_gmt":"2026-03-20T14:07:26","slug":"autotalli-2","status":"publish","type":"page","link":"https:\/\/www.suomenpihakatos.fi\/index.php\/autotalli-2\/","title":{"rendered":"Malli 2"},"content":{"rendered":"<section class=\"bde-section-353-100 bde-section\">\n  \n  \n\t\n\n\n\n<div class=\"section-container\"><h1 class=\"bde-dual-heading-353-101 bde-dual-heading\">\n\n\n            <span data-style=\"primary\" class=\"dual-heading--primary  \">Autotalli 2<\/span>\n\n            <span data-style=\"secondary\" class=\"dual-heading--secondary  \">Karoliina<\/span>\n\n\n\n<\/h1><\/div>\n<\/section><section class=\"bde-section-353-102 bde-section\">\n              \n  \n  \n\t\n\n\n\n<div class=\"section-container\"><img decoding=\"async\" class=\"bde-image2-353-103 bde-image2\" src=\"https:\/\/www.suomenpihakatos.fi\/wp-content\/uploads\/2025\/01\/2-Autotalli-Karoliina.webp\" alt=\"Kahden auton autotalli varastotilalla ja murretulla harjakatolla.\" loading=\"lazy\" srcset=\"https:\/\/www.suomenpihakatos.fi\/wp-content\/uploads\/2025\/01\/2-Autotalli-Karoliina.webp 1920w, https:\/\/www.suomenpihakatos.fi\/wp-content\/uploads\/2025\/01\/2-Autotalli-Karoliina-300x169.webp 300w, https:\/\/www.suomenpihakatos.fi\/wp-content\/uploads\/2025\/01\/2-Autotalli-Karoliina-1024x576.webp 1024w, https:\/\/www.suomenpihakatos.fi\/wp-content\/uploads\/2025\/01\/2-Autotalli-Karoliina-768x432.webp 768w, https:\/\/www.suomenpihakatos.fi\/wp-content\/uploads\/2025\/01\/2-Autotalli-Karoliina-1536x864.webp 1536w\" sizes=\"(max-width: 1920px) 100vw, 1920px\"><div class=\"bde-text-353-104 bde-text\">\nKahden auton autotalli varastotilalla ja murretulla harjakatolla.<br><br>Kokonaispinta-ala 63,8m\u00b2<br>Ulkomitat: 7004x9108mm<br>Varaston sis\u00e4mitat: 6532x2036mm,  LA 13,3m\u00b2<br>Autotallin sis\u00e4mitat: 6532x6500mm, LA 42,45m\u00b2<br>Sis\u00e4tilan korkeus: 2450mm<br><br>Autotalli toimitetaan runkotoimituksena tai levypintoihin asti valmiina.  Mahdollisuus saada joko pohjamaalattuna tai v\u00e4limaalattuna. <br><br>Kuva on havainnekuva. Kaikkiin malleihin mahdollista tehd\u00e4 muutoksia.<br><br>Kysy lis\u00e4tietoja tai j\u00e4t\u00e4 tarjouspyynt\u00f6 yhteydenottolomakkeen kautta.<br>\n<\/div><div class=\"bde-button-353-105 bde-button\">\n    \n                                    \n    \n    \n    \n    \n            \n                    \n            \n            \n\n    \n    \n    \n    \n    \n    <a class=\"breakdance-link button-atom button-atom--primary bde-button__button\" href=\"https:\/\/www.suomenpihakatos.fi\/index.php\/yhteystiedot\/\" target=\"_self\" data-type=\"url\"  >\n\n    \n        <span class=\"button-atom__text\">Yhteydenottolomakkeeseen<\/span>\n\n        \n        \n                <\/a>\n\n    \n\n\n<\/div><\/div>\n<\/section>","protected":false},"excerpt":{"rendered":"<p>Autotalli 2 Karoliina Kahden auton autotalli varastotilalla ja murretulla harjakatolla.Kokonaispinta-ala 63,8m\u00b2Ulkomitat: 7004x9108mmVaraston sis\u00e4mitat: 6532x2036mm, LA 13,3m\u00b2Autotallin sis\u00e4mitat: 6532x6500mm, LA 42,45m\u00b2Sis\u00e4tilan korkeus: 2450mmAutotalli toimitetaan runkotoimituksena tai levypintoihin asti valmiina. Mahdollisuus saada joko pohjamaalattuna tai v\u00e4limaalattuna. Kuva on havainnekuva. Kaikkiin malleihin mahdollista tehd\u00e4 muutoksia.Kysy lis\u00e4tietoja tai j\u00e4t\u00e4 tarjouspyynt\u00f6 yhteydenottolomakkeen kautta. Yhteydenottolomakkeeseen<\/p>\n","protected":false},"author":1,"featured_media":0,"parent":0,"menu_order":0,"comment_status":"closed","ping_status":"closed","template":"","meta":{"_breakdance_hide_in_design_set":false,"_breakdance_tags":"","footnotes":""},"class_list":["post-353","page","type-page","status-publish","hentry"],"_links":{"self":[{"href":"https:\/\/www.suomenpihakatos.fi\/index.php\/wp-json\/wp\/v2\/pages\/353","targetHints":{"allow":["GET"]}}],"collection":[{"href":"https:\/\/www.suomenpihakatos.fi\/index.php\/wp-json\/wp\/v2\/pages"}],"about":[{"href":"https:\/\/www.suomenpihakatos.fi\/index.php\/wp-json\/wp\/v2\/types\/page"}],"author":[{"embeddable":true,"href":"https:\/\/www.suomenpihakatos.fi\/index.php\/wp-json\/wp\/v2\/users\/1"}],"replies":[{"embeddable":true,"href":"https:\/\/www.suomenpihakatos.fi\/index.php\/wp-json\/wp\/v2\/comments?post=353"}],"version-history":[{"count":10,"href":"https:\/\/www.suomenpihakatos.fi\/index.php\/wp-json\/wp\/v2\/pages\/353\/revisions"}],"predecessor-version":[{"id":1002,"href":"https:\/\/www.suomenpihakatos.fi\/index.php\/wp-json\/wp\/v2\/pages\/353\/revisions\/1002"}],"wp:attachment":[{"href":"https:\/\/www.suomenpihakatos.fi\/index.php\/wp-json\/wp\/v2\/media?parent=353"}],"curies":[{"name":"wp","href":"https:\/\/api.w.org\/{rel}","templated":true}]}}