{"id":299,"date":"2025-01-27T14:32:29","date_gmt":"2025-01-27T12:32:29","guid":{"rendered":"https:\/\/www.suomenpihakatos.fi\/?page_id=299"},"modified":"2026-03-20T18:50:37","modified_gmt":"2026-03-20T16:50:37","slug":"varasto-6","status":"publish","type":"page","link":"https:\/\/www.suomenpihakatos.fi\/index.php\/varasto-6\/","title":{"rendered":"Varasto 6"},"content":{"rendered":"<section class=\"bde-section-299-100 bde-section\">\n  \n  \n\t\n\n\n\n<div class=\"section-container\"><h1 class=\"bde-dual-heading-299-106 bde-dual-heading\">\n\n\n            <span data-style=\"primary\" class=\"dual-heading--primary  \">Varasto 6<\/span>\n\n            <span data-style=\"secondary\" class=\"dual-heading--secondary  \">Olivia<\/span>\n\n\n\n<\/h1><\/div>\n<\/section><section class=\"bde-section-299-102 bde-section\">\n              \n  \n  \n\t\n\n\n\n<div class=\"section-container\"><img decoding=\"async\" class=\"bde-image2-299-103 bde-image2\" src=\"https:\/\/www.suomenpihakatos.fi\/wp-content\/uploads\/2026\/03\/Varasto-6-Harjakattoinen-varasto-1.webp\" alt=\"Paneloitu varasto pariovilla, ikkunalla ja perinteisell\u00e4 harjakatolla.\" loading=\"lazy\" srcset=\"https:\/\/www.suomenpihakatos.fi\/wp-content\/uploads\/2026\/03\/Varasto-6-Harjakattoinen-varasto-1.webp 1920w, https:\/\/www.suomenpihakatos.fi\/wp-content\/uploads\/2026\/03\/Varasto-6-Harjakattoinen-varasto-1-300x169.webp 300w, https:\/\/www.suomenpihakatos.fi\/wp-content\/uploads\/2026\/03\/Varasto-6-Harjakattoinen-varasto-1-1024x576.webp 1024w, https:\/\/www.suomenpihakatos.fi\/wp-content\/uploads\/2026\/03\/Varasto-6-Harjakattoinen-varasto-1-768x432.webp 768w, https:\/\/www.suomenpihakatos.fi\/wp-content\/uploads\/2026\/03\/Varasto-6-Harjakattoinen-varasto-1-1536x864.webp 1536w\" sizes=\"(max-width: 1920px) 100vw, 1920px\"><div class=\"bde-text-299-104 bde-text\">\nPaneloitu varasto pariovella, ikkunalla ja perinteisell\u00e4 harjakatolla.<br><br>Koko 7,2m\u00b2<br>Ulkomitat: 3032x2400mm<br>Sis\u00e4mitat: 2854x2222mm<br>Runko: 48x73mm<br>Verhoilu utv 16x120mm <br>Katto raakapontti 23x95mm<br>Lattia: runko: 48x98mm, pinta 22x100mm<br>Ovi: 1200x1850mm<br>Ikkuna 600x600mm<br>Katto: huopa tai pelti<br><br>Varasto toimitetaan puuvalmiina ja valmiiksi koottuna. Mahdollisuus muutoksiin omien toiveiden mukaan.<br><br>Kuva on havainnekuva.<br><br>J\u00e4t\u00e4 tarjouspyynt\u00f6 yhteydenottolomakkeen kautta.\n<\/div><div class=\"bde-button-299-105 bde-button\">\n    \n                                    \n    \n    \n    \n    \n            \n                    \n            \n            \n\n    \n    \n    \n    \n    \n    <a class=\"breakdance-link button-atom button-atom--primary bde-button__button\" href=\"https:\/\/www.suomenpihakatos.fi\/index.php\/yhteystiedot\/\" target=\"_self\" data-type=\"url\"  >\n\n    \n        <span class=\"button-atom__text\">Yhteydenottolomakkeeseen<\/span>\n\n        \n        \n                <\/a>\n\n    \n\n\n<\/div><\/div>\n<\/section>","protected":false},"excerpt":{"rendered":"<p>Varasto 6 Olivia Paneloitu varasto pariovella, ikkunalla ja perinteisell\u00e4 harjakatolla.Koko 7,2m\u00b2Ulkomitat: 3032x2400mmSis\u00e4mitat: 2854x2222mmRunko: 48x73mmVerhoilu utv 16x120mm Katto raakapontti 23x95mmLattia: runko: 48x98mm, pinta 22x100mmOvi: 1200x1850mmIkkuna 600x600mmKatto: huopa tai peltiVarasto toimitetaan puuvalmiina ja valmiiksi koottuna. Mahdollisuus muutoksiin omien toiveiden mukaan.Kuva on havainnekuva.J\u00e4t\u00e4 tarjouspyynt\u00f6 yhteydenottolomakkeen kautta. Yhteydenottolomakkeeseen<\/p>\n","protected":false},"author":1,"featured_media":0,"parent":0,"menu_order":0,"comment_status":"closed","ping_status":"closed","template":"","meta":{"_breakdance_hide_in_design_set":false,"_breakdance_tags":"","footnotes":""},"class_list":["post-299","page","type-page","status-publish","hentry"],"_links":{"self":[{"href":"https:\/\/www.suomenpihakatos.fi\/index.php\/wp-json\/wp\/v2\/pages\/299","targetHints":{"allow":["GET"]}}],"collection":[{"href":"https:\/\/www.suomenpihakatos.fi\/index.php\/wp-json\/wp\/v2\/pages"}],"about":[{"href":"https:\/\/www.suomenpihakatos.fi\/index.php\/wp-json\/wp\/v2\/types\/page"}],"author":[{"embeddable":true,"href":"https:\/\/www.suomenpihakatos.fi\/index.php\/wp-json\/wp\/v2\/users\/1"}],"replies":[{"embeddable":true,"href":"https:\/\/www.suomenpihakatos.fi\/index.php\/wp-json\/wp\/v2\/comments?post=299"}],"version-history":[{"count":7,"href":"https:\/\/www.suomenpihakatos.fi\/index.php\/wp-json\/wp\/v2\/pages\/299\/revisions"}],"predecessor-version":[{"id":1034,"href":"https:\/\/www.suomenpihakatos.fi\/index.php\/wp-json\/wp\/v2\/pages\/299\/revisions\/1034"}],"wp:attachment":[{"href":"https:\/\/www.suomenpihakatos.fi\/index.php\/wp-json\/wp\/v2\/media?parent=299"}],"curies":[{"name":"wp","href":"https:\/\/api.w.org\/{rel}","templated":true}]}}