{"id":183,"date":"2025-01-22T12:20:10","date_gmt":"2025-01-22T10:20:10","guid":{"rendered":"https:\/\/www.suomenpihakatos.fi\/?page_id=183"},"modified":"2026-03-20T16:36:45","modified_gmt":"2026-03-20T14:36:45","slug":"yhteystiedot","status":"publish","type":"page","link":"https:\/\/www.suomenpihakatos.fi\/index.php\/yhteystiedot\/","title":{"rendered":"Yhteystiedot"},"content":{"rendered":"<section class=\"bde-section-183-100 bde-section\">\n              \n  \n  \n\t\n\n  <div class=\"section-background-overlay\"><\/div>\n\n\n<div class=\"section-container\"><div class=\"bde-columns-183-101 bde-columns\"><div class=\"bde-column-183-102 bde-column\">\n  \n  \n\t\n\n\n\n<h1 class=\"bde-dual-heading-183-103 bde-dual-heading\">\n\n\n            <span data-style=\"primary\" class=\"dual-heading--primary  \">Ota <\/span>\n\n            <span data-style=\"secondary\" class=\"dual-heading--secondary  \">yhteytt\u00e4<\/span>\n\n\n\n<\/h1><div class=\"bde-text-183-104 bde-text\">\nVoit olla meihin yhteydess\u00e4 joko s\u00e4hk\u00f6postitse tai yhteydenottolomakkeen kautta. \n<\/div>\n<\/div><div class=\"bde-column-183-105 bde-column\">\n  \n  \n\t\n\n\n\n<h4 class=\"bde-heading-183-106 bde-heading\">\nYhteystiedot\n<\/h4><div class=\"bde-icon-box-183-108 bde-icon-box\">\n\n    \n            <div class=\"ee-iconbox-icon breakdance-icon-atom\" >\n    \n                    <svg xmlns=\"http:\/\/www.w3.org\/2000\/svg\" width=\"22\" height=\"22\" viewBox=\"0 0 22 22\" fill=\"none\">\n<g clip-path=\"url(#clip0_82_440)\">\n<path d=\"M11.7081 1.40113C11.4725 1.38373 11.2363 1.37501 11 1.375V0C11.2702 0.000131763 11.5404 0.0102219 11.8099 0.03025L11.7081 1.40113ZM14.4636 2.01988C14.0229 1.84979 13.5702 1.71238 13.1093 1.60875L13.4104 0.26675C13.937 0.385 14.4554 0.54175 14.9586 0.737L14.4636 2.01988ZM16.3474 2.99612C16.1508 2.86502 15.9494 2.74118 15.7437 2.62488L16.4216 1.42863C16.8917 1.69501 17.3417 1.99557 17.7677 2.32787L16.9221 3.41275C16.7357 3.26732 16.544 3.12881 16.3474 2.9975V2.99612ZM18.8691 5.45738C18.5971 5.07097 18.297 4.70514 17.9712 4.36287L18.9667 3.41412C19.338 3.806 19.6818 4.22537 19.9939 4.66537L18.8691 5.45738ZM19.8921 7.31638C19.8019 7.09838 19.7037 6.88374 19.5979 6.67288L20.8258 6.05412C21.0686 6.53687 21.2754 7.0369 21.4445 7.55013L20.1383 7.9805C20.0644 7.75619 19.9823 7.53467 19.8921 7.31638ZM20.6209 10.7635C20.6098 10.291 20.5638 9.8199 20.4834 9.35413L21.8377 9.12037C21.9299 9.65112 21.9835 10.1901 21.9973 10.7291L20.6223 10.7635H20.6209ZM20.4408 12.8783C20.4861 12.6445 20.5232 12.4121 20.5521 12.177L21.9175 12.3461C21.8515 12.8826 21.7458 13.4134 21.6012 13.9342L20.2758 13.5671C20.339 13.3402 20.394 13.1106 20.4408 12.8783ZM19.1317 16.1494C19.3847 15.7506 19.6075 15.3326 19.8 14.9009L21.0568 15.4577C20.8368 15.9527 20.5824 16.4285 20.2936 16.885L19.1317 16.1494ZM17.8062 17.8062C17.974 17.6385 18.1349 17.4653 18.2875 17.2865L19.3297 18.1844C19.1532 18.389 18.9693 18.5872 18.7784 18.7784L17.8062 17.8062Z\" fill=\"white\"\/>\n<path d=\"M11.0004 1.375C9.4176 1.37511 7.85926 1.76556 6.46341 2.51177C5.06755 3.25797 3.87726 4.33689 2.99797 5.65297C2.11867 6.96905 1.57751 8.48166 1.42241 10.0568C1.26731 11.632 1.50306 13.2211 2.10878 14.6834C2.71451 16.1457 3.6715 17.4361 4.89501 18.4402C6.11852 19.4443 7.57078 20.1312 9.12315 20.44C10.6755 20.7488 12.2801 20.6701 13.7947 20.2107C15.3094 19.7512 16.6874 18.9254 17.8066 17.8063L18.7788 18.7784C17.4997 20.0582 15.9246 21.0028 14.1932 21.5284C12.4618 22.054 10.6274 22.1444 8.85273 21.7917C7.07801 21.4389 5.41769 20.6539 4.01889 19.5061C2.6201 18.3583 1.526 16.8832 0.833549 15.2115C0.141098 13.5398 -0.12833 11.7231 0.0491384 9.92237C0.226607 8.12166 0.845491 6.39251 1.85096 4.88815C2.85642 3.38379 4.21743 2.15065 5.81338 1.298C7.40933 0.445356 9.19095 -0.000479507 11.0004 3.87005e-07V1.375Z\" fill=\"white\"\/>\n<path d=\"M10.3125 4.125C10.4948 4.125 10.6697 4.19743 10.7986 4.32636C10.9276 4.4553 11 4.63016 11 4.8125V11.9763L15.466 14.5282C15.6197 14.621 15.7311 14.7702 15.7762 14.9439C15.8214 15.1176 15.7969 15.3022 15.7078 15.458C15.6187 15.6139 15.4722 15.7287 15.2996 15.778C15.127 15.8273 14.9419 15.8071 14.784 15.7218L9.9715 12.9718C9.86628 12.9116 9.77881 12.8248 9.71796 12.72C9.65711 12.6152 9.62504 12.4962 9.625 12.375V4.8125C9.625 4.63016 9.69743 4.4553 9.82636 4.32636C9.9553 4.19743 10.1302 4.125 10.3125 4.125Z\" fill=\"white\"\/>\n<\/g>\n<defs>\n<clipPath id=\"clip0_82_440\">\n<rect width=\"22\" height=\"22\" fill=\"white\"\/>\n<\/clipPath>\n<\/defs>\n<\/svg>\n        \n        \n        \n            <\/div>\n    \n\n<div class=\"ee-iconbox-content\">\n      <p class=\"ee-iconbox-title bde-h3\" >Avoinna<\/p>\n        <div class=\"ee-iconbox-text\" >9-17<\/div>\n    <\/div>\n\n<\/div><div class=\"bde-icon-box-183-110 bde-icon-box\">\n\n    \n            <div class=\"ee-iconbox-icon breakdance-icon-atom\" >\n    \n                    <svg xmlns=\"http:\/\/www.w3.org\/2000\/svg\" width=\"22\" height=\"16\" viewBox=\"0 0 22 16\" fill=\"none\">\n<path d=\"M20.625 0H1.375C1.01033 0 0.660591 0.140476 0.402728 0.390524C0.144866 0.640573 0 0.979711 0 1.33333V14.6667C0 15.0203 0.144866 15.3594 0.402728 15.6095C0.660591 15.8595 1.01033 16 1.375 16H20.625C20.9897 16 21.3394 15.8595 21.5973 15.6095C21.8551 15.3594 22 15.0203 22 14.6667V1.33333C22 0.979711 21.8551 0.640573 21.5973 0.390524C21.3394 0.140476 20.9897 0 20.625 0ZM19.5662 14.6667H2.51625L7.32875 9.84L6.33875 8.91333L1.375 13.8933V2.34667L9.92063 10.5933C10.1782 10.8417 10.5267 10.9811 10.89 10.9811C11.2533 10.9811 11.6018 10.8417 11.8594 10.5933L20.625 2.14V13.8067L15.565 8.9L14.5956 9.84L19.5662 14.6667ZM2.27562 1.33333H19.5112L10.89 9.64667L2.27562 1.33333Z\" fill=\"white\"\/>\n<\/svg>\n        \n        \n        \n            <\/div>\n    \n\n<div class=\"ee-iconbox-content\">\n      <p class=\"ee-iconbox-title bde-h3\" >s\u00e4hk\u00f6postiosoite<\/p>\n        <div class=\"ee-iconbox-text\" >myynti@suomenpihakatos.fi<\/div>\n    <\/div>\n\n<\/div>\n<\/div><\/div><\/div>\n<\/section><section class=\"bde-section-183-111 bde-section\">\n  \n  \n\t\n\n\n\n<div class=\"section-container\"><div class=\"bde-columns-183-112 bde-columns\"><div class=\"bde-column-183-113 bde-column\">\n  \n  \n\t\n\n\n\n<h2 class=\"bde-heading-183-114 bde-heading\">\nYhteydenottolomake\n<\/h2><div class=\"bde-text-183-115 bde-text\">\nYhteydenottolomakkeella voit tehd\u00e4 tilauksen\/tarjouspyynn\u00f6n tai kysy\u00e4 lis\u00e4tietoja. \n<\/div><div class=\"bde-form-builder-183-116 bde-form-builder\">\n\n<form id=\"yhteydenottolomake116\" class=\"breakdance-form breakdance-form--vertical\" data-options=\"{&quot;slug&quot;:&quot;custom&quot;,&quot;name&quot;:&quot;Yhteydenottolomake&quot;,&quot;ajaxUrl&quot;:&quot;https:\\\/\\\/www.suomenpihakatos.fi\\\/wp-admin\\\/admin-ajax.php&quot;,&quot;clearOnSuccess&quot;:true,&quot;hideOnSuccess&quot;:false,&quot;successMessage&quot;:&quot;Kiitos viestist\\u00e4si! &quot;,&quot;errorMessage&quot;:&quot;Jotain meni pieleen&quot;,&quot;redirect&quot;:false,&quot;redirectUrl&quot;:&quot;&quot;,&quot;customJavaScript&quot;:&quot;&quot;,&quot;recaptcha&quot;:{&quot;key&quot;:&quot;&quot;,&quot;enabled&quot;:false},&quot;honeypot_enabled&quot;:false,&quot;popupsOnSuccess&quot;:[],&quot;popupsOnError&quot;:[]}\" data-steps=\"0\" >\n  \n  \n  \n<div class=\"breakdance-form-field breakdance-form-field--text\" >\n    \n    \n            <label class=\"breakdance-form-field__label\" for=\"name\">\n            Nimi<span class=\"breakdance-form-field__required\">*<\/span>\n        <\/label>\n    \n    <input\n    class=\"breakdance-form-field__input\"\n    id=\"name\"\n    aria-describedby=\"name\"\n    type=\"text\"\n    name=\"fields[name]\"\n    placeholder=\"\"\n    value=\"\"\n                \n        \n        \n    required\n    \n    \n    \n>\n\n\n    \n    \n<\/div>\n\n\n<div class=\"breakdance-form-field breakdance-form-field--text\" >\n    \n    \n            <label class=\"breakdance-form-field__label\" for=\"kzrimj\">\n            Toimitusosoite<span class=\"breakdance-form-field__required\">*<\/span>\n        <\/label>\n    \n    <input\n    class=\"breakdance-form-field__input\"\n    id=\"kzrimj\"\n    aria-describedby=\"kzrimj\"\n    type=\"text\"\n    name=\"fields[kzrimj]\"\n    placeholder=\"\"\n    value=\"\"\n                \n        \n        \n    required\n    \n    \n    \n>\n\n\n    \n    \n<\/div>\n\n\n<div class=\"breakdance-form-field breakdance-form-field--email\" >\n    \n    \n            <label class=\"breakdance-form-field__label\" for=\"email\">\n            S\u00e4hk\u00f6postiosoite<span class=\"breakdance-form-field__required\">*<\/span>\n        <\/label>\n    \n    <input\n    class=\"breakdance-form-field__input\"\n    id=\"email\"\n    aria-describedby=\"email\"\n    type=\"email\"\n    name=\"fields[email]\"\n    placeholder=\"\"\n    value=\"\"\n                \n        \n        \n    required\n    \n    \n    \n>\n\n\n    \n    \n<\/div>\n\n\n<div class=\"breakdance-form-field breakdance-form-field--tel\" >\n    \n    \n            <label class=\"breakdance-form-field__label\" for=\"jyqgqb\">\n            Puhelinnumero<span class=\"breakdance-form-field__required\">*<\/span>\n        <\/label>\n    \n    <input\n    class=\"breakdance-form-field__input\"\n    id=\"jyqgqb\"\n    aria-describedby=\"jyqgqb\"\n    type=\"tel\"\n    name=\"fields[jyqgqb]\"\n    placeholder=\"\"\n    value=\"\"\n                \n        \n        \n    required\n    \n    \n    \n>\n\n\n    \n    \n<\/div>\n\n\n<div class=\"breakdance-form-field breakdance-form-field--text\" >\n    \n    \n            <label class=\"breakdance-form-field__label\" for=\"nrpoem\">\n            Aihe<span class=\"breakdance-form-field__required\">*<\/span>\n        <\/label>\n    \n    <input\n    class=\"breakdance-form-field__input\"\n    id=\"nrpoem\"\n    aria-describedby=\"nrpoem\"\n    type=\"text\"\n    name=\"fields[nrpoem]\"\n    placeholder=\"\"\n    value=\"\"\n                \n        \n        \n    required\n    \n    \n    \n>\n\n\n    \n    \n<\/div>\n\n\n<div class=\"breakdance-form-field breakdance-form-field--textarea\" >\n    \n    \n            <label class=\"breakdance-form-field__label\" for=\"message\">\n            Viesti<span class=\"breakdance-form-field__required\">*<\/span>\n        <\/label>\n    \n    <textarea\n    class=\"breakdance-form-field__input\"\n    id=\"message\"\n    aria-describedby=\"message\"\n    type=\"textarea\"\n    name=\"fields[message]\"\n        placeholder=\"\"\n    required\n    >\n<\/textarea>\n\n\n    \n    \n<\/div>\n\n\n<div class=\"breakdance-form-field breakdance-form-field--checkbox\" >\n    \n    \n    \n    <fieldset role=\"group\"\n    >\n          <div class=\"breakdance-form-checkbox\">\n          <input\n              type=\"checkbox\"\n              name=\"fields[Approval]\"\n              value=\"Annan Suomen pihakatokselle luvan viestint\u00e4\u00e4n ja tietojeni k\u00e4sittelyyn tietosuojaselosteen mukaisesti.*\"\n              id=\"Approval-1\"\n              \n                        >\n          <label class=\"breakdance-form-checkbox__text\" for=\"Approval-1\">Annan Suomen pihakatokselle luvan viestint\u00e4\u00e4n ja tietojeni k\u00e4sittelyyn tietosuojaselosteen mukaisesti.*<\/label>\n      <\/div>\n  <\/fieldset>\n\n\n\n    \n    \n<\/div>\n\n\n  \n\n<div class=\"breakdance-form-field breakdance-form-footer\">\n    \n    \n                                    \n    \n    \n    \n    \n            \n            <button type=\"submit\" class=\"button-atom button-atom--primary breakdance-form-button breakdance-form-button__submit\"  >\n    \n        <span class=\"button-atom__text\">L\u00e4het\u00e4<\/span>\n\n        \n        \n            <\/button>\n    \n    <input type=\"hidden\" name=\"form_id\" value=\"116\">\n    <input type=\"hidden\" name=\"post_id\" value=\"183\">\n<\/div>\n\n  \n<\/form>\n\n\n<\/div>\n<\/div><\/div><\/div>\n<\/section><section class=\"bde-section-183-122 bde-section\">\n  \n  \n\t\n\n\n\n<div class=\"section-container\"><h1 class=\"bde-heading-183-121 bde-heading\">\nLaskutustiedot\n<\/h1><div class=\"bde-text-183-120 bde-text\">\nLaskutukseen liittyviss\u00e4 kysymyksiss\u00e4 pyyd\u00e4mme olemaan yhteydess\u00e4 <br>laskutus@suomenpihakatos.fi<br><br>Laskutustiedot<br>PA-tuote<br>Y-tunnus\t2564297-4<br>V\u00e4litt\u00e4j\u00e4: Apix Messaging Oy\t<br>Verkkolaskuosoite: 003725642974<br>OVT-tunnus: 003725642974<br>Operaattoritunnus: 003723327487<br>\n<\/div><\/div>\n<\/section>","protected":false},"excerpt":{"rendered":"<p>Ota yhteytt\u00e4 Voit olla meihin yhteydess\u00e4 joko s\u00e4hk\u00f6postitse tai yhteydenottolomakkeen kautta. Yhteystiedot Avoinna 9-17 s\u00e4hk\u00f6postiosoite myynti@suomenpihakatos.fi Yhteydenottolomake Yhteydenottolomakkeella voit tehd\u00e4 tilauksen\/tarjouspyynn\u00f6n tai kysy\u00e4 lis\u00e4tietoja. Nimi* Toimitusosoite* S\u00e4hk\u00f6postiosoite* Puhelinnumero* Aihe* Viesti* Annan Suomen pihakatokselle luvan viestint\u00e4\u00e4n ja tietojeni k\u00e4sittelyyn tietosuojaselosteen mukaisesti.* L\u00e4het\u00e4 Laskutustiedot Laskutukseen liittyviss\u00e4 kysymyksiss\u00e4 pyyd\u00e4mme olemaan yhteydess\u00e4 laskutus@suomenpihakatos.fiLaskutustiedotPA-tuoteY-tunnus 2564297-4V\u00e4litt\u00e4j\u00e4: Apix Messaging Oy Verkkolaskuosoite: 003725642974OVT-tunnus: [&hellip;]<\/p>\n","protected":false},"author":1,"featured_media":0,"parent":0,"menu_order":0,"comment_status":"closed","ping_status":"closed","template":"","meta":{"_breakdance_hide_in_design_set":false,"_breakdance_tags":"","footnotes":""},"class_list":["post-183","page","type-page","status-publish","hentry"],"_links":{"self":[{"href":"https:\/\/www.suomenpihakatos.fi\/index.php\/wp-json\/wp\/v2\/pages\/183","targetHints":{"allow":["GET"]}}],"collection":[{"href":"https:\/\/www.suomenpihakatos.fi\/index.php\/wp-json\/wp\/v2\/pages"}],"about":[{"href":"https:\/\/www.suomenpihakatos.fi\/index.php\/wp-json\/wp\/v2\/types\/page"}],"author":[{"embeddable":true,"href":"https:\/\/www.suomenpihakatos.fi\/index.php\/wp-json\/wp\/v2\/users\/1"}],"replies":[{"embeddable":true,"href":"https:\/\/www.suomenpihakatos.fi\/index.php\/wp-json\/wp\/v2\/comments?post=183"}],"version-history":[{"count":21,"href":"https:\/\/www.suomenpihakatos.fi\/index.php\/wp-json\/wp\/v2\/pages\/183\/revisions"}],"predecessor-version":[{"id":1017,"href":"https:\/\/www.suomenpihakatos.fi\/index.php\/wp-json\/wp\/v2\/pages\/183\/revisions\/1017"}],"wp:attachment":[{"href":"https:\/\/www.suomenpihakatos.fi\/index.php\/wp-json\/wp\/v2\/media?parent=183"}],"curies":[{"name":"wp","href":"https:\/\/api.w.org\/{rel}","templated":true}]}}